{"id":191,"date":"2024-03-14T15:10:36","date_gmt":"2024-03-14T14:10:36","guid":{"rendered":"https:\/\/webcom.sn\/?page_id=191"},"modified":"2024-03-29T22:27:31","modified_gmt":"2024-03-29T21:27:31","slug":"site-web","status":"publish","type":"page","link":"https:\/\/webcom.sn\/index.php\/site-web\/","title":{"rendered":"Site WEB"},"content":{"rendered":"\n<figure class=\"wp-block-image is-resized\"><img loading=\"lazy\" decoding=\"async\" width=\"1000\" height=\"241\" src=\"http:\/\/webcom.sn\/wp-content\/uploads\/2024\/03\/02.jpg\" alt=\"\" class=\"wp-image-192\" style=\"width:852px;height:205px\" srcset=\"https:\/\/webcom.sn\/wp-content\/uploads\/2024\/03\/02.jpg 1000w, https:\/\/webcom.sn\/wp-content\/uploads\/2024\/03\/02-300x72.jpg 300w, https:\/\/webcom.sn\/wp-content\/uploads\/2024\/03\/02-768x185.jpg 768w\" sizes=\"(max-width: 1000px) 100vw, 1000px\" \/><\/figure>\n\n\n\n<p>Un site web est la vitrine de votre business. Des \u00e9tudes montrent qu\u2019un client trouve une entreprise cr\u00e9dible si son site web est bien r\u00e9alis\u00e9. Alors si votre site fait vendre pourquoi en confier la r\u00e9alisation \u00e0 des amateurs&nbsp;? Au sein de notre agence, nous avons une approche professionnelle du d\u00e9but \u00e0 la fin de la r\u00e9alisation de votre site web. En amont, nous proc\u00e9dons \u00e0 la r\u00e9daction d\u2019un cahier des charges qui prend en compte vos besoins, la description des fonctionnalit\u00e9s du futur site web ainsi que la cr\u00e9ation et la r\u00e9cup\u00e9ration de contenus<\/p>\n\n\n\n<ul>\n<li>Sites web adapt\u00e9 \u00e0 votre secteur d\u2019activit\u00e9&nbsp;;<\/li>\n\n\n\n<li>Applications web et mobile;<\/li>\n\n\n\n<li>Relooking et refonte de site web&nbsp;;<\/li>\n\n\n\n<li>Administration&nbsp;;<\/li>\n\n\n\n<li>R\u00e9f\u00e9rencement\u00a0;<\/li>\n<\/ul>\n\n\n<style type=\"text\/css\" scoped>.rbs_gallery_69e783b76109cSpinner{\r\n\t\t\t\tmargin: 50px auto;\r\n\t\t\t\twidth: 50px;\r\n\t\t\t\theight: 40px;\r\n\t\t\t\ttext-align: center;\r\n\t\t\t\tfont-size: 10px;\r\n\t\t\t}\r\n\t\t\t.rbs_gallery_69e783b76109cSpinner > div{\r\n\t\t\t  background-color: #333;\r\n\t\t\t  height: 100%;\r\n\t\t\t  width: 6px;\r\n\t\t\t  display: inline-block;\r\n\t\t\t  -webkit-animation: rbs_gallery_69e783b76109c-stretchdelay 1.2s infinite ease-in-out;\r\n\t\t\t  animation: rbs_gallery_69e783b76109c-stretchdelay 1.2s infinite ease-in-out;\r\n\t\t\t}\r\n\t\t\t.rbs_gallery_69e783b76109cSpinner .rbs_gallery_69e783b76109cRect2 {\r\n\t\t\t  -webkit-animation-delay: -1.1s;\r\n\t\t\t  animation-delay: -1.1s;\r\n\t\t\t}\r\n\t\t\t.rbs_gallery_69e783b76109cSpinner .rbs_gallery_69e783b76109cRect3 {\r\n\t\t\t  -webkit-animation-delay: -1.0s;\r\n\t\t\t  animation-delay: -1.0s;\r\n\t\t\t}\r\n\t\t\t.rbs_gallery_69e783b76109cSpinner .rbs_gallery_69e783b76109cRect4 {\r\n\t\t\t  -webkit-animation-delay: -0.9s;\r\n\t\t\t  animation-delay: -0.9s;\r\n\t\t\t}\r\n\t\t\t.rbs_gallery_69e783b76109cSpinner .rbs_gallery_69e783b76109cRect5 {\r\n\t\t\t  -webkit-animation-delay: -0.8s;\r\n\t\t\t  animation-delay: -0.8s;\r\n\t\t\t}\r\n\t\t\t@-webkit-keyframes rbs_gallery_69e783b76109c-stretchdelay {\r\n\t\t\t  0%, 40%, 100% { -webkit-transform: scaleY(0.4) }  \r\n\t\t\t  20% { -webkit-transform: scaleY(1.0) }\r\n\t\t\t}\r\n\t\t\t@keyframes rbs_gallery_69e783b76109c-stretchdelay {\r\n\t\t\t  0%, 40%, 100% { \r\n\t\t\t    transform: scaleY(0.4);\r\n\t\t\t    -webkit-transform: scaleY(0.4);\r\n\t\t\t  }  20% { \r\n\t\t\t    transform: scaleY(1.0);\r\n\t\t\t    -webkit-transform: scaleY(1.0);\r\n\t\t\t  }\r\n\t\t\t}\r\n\t\t<\/style><div id=\"robo-gallery-slider-wraprbs_gallery_69e783b76109c\" class=\"robo-gallery-slider-wrap robo-gallery-slider-wrap-id377 robo-gallery-slider\"><div id=\"rbs_gallery_69e783b76109c-block-loader\" class=\"rbs_gallery_69e783b76109cSpinner\"><div class=\"rbs_gallery_69e783b76109cRect1\"><\/div> <div class=\"rbs_gallery_69e783b76109cRect2\"><\/div> <div class=\"rbs_gallery_69e783b76109cRect3\"><\/div> <div class=\"rbs_gallery_69e783b76109cRect4\"><\/div> <div class=\"rbs_gallery_69e783b76109cRect5\"><\/div><\/div><div id=\"robo-gallery-slider-block-rbs_gallery_69e783b76109c\"  data-options=\"rbs_gallery_69e783b76109c\" \r\n\t\t\t\t\tclass=\"swiper-container robo-gallery-slider-container robo-gallery-slider-377\" \r\n\t\t\t\t\tstyle=\"width:300px;height:300px;  display: none;\"\r\n\t\t\t\t\t\r\n\t\t\t\t><div id=\"rbs_gallery_69e783b76109c\" class=\"swiper-wrapper robo-slider-gallery  \"><div class=\"swiper-slide  \" \r\n \t\t\t\t\tstyle=\"background-image:url('https:\/\/webcom.sn\/wp-content\/uploads\/2024\/05\/PACK-KHEWEUL-1.jpg');\" ><\/div><div class=\"swiper-slide  \" \r\n \t\t\t\t\tstyle=\"background-image:url('https:\/\/webcom.sn\/wp-content\/uploads\/2024\/05\/PACK-PRO.jpg');\" ><\/div><div class=\"swiper-slide  \" \r\n \t\t\t\t\tstyle=\"background-image:url('https:\/\/webcom.sn\/wp-content\/uploads\/2024\/05\/PACK-PRESTIGE.jpg');\" ><\/div><\/div><div class=\"swiper-button-prev\"><\/div><div class=\"swiper-button-next\"><\/div><div class=\"swiper-scrollbar\"><\/div><div class=\"swiper-pagination\"><\/div><\/div><\/div><script>var rbs_gallery_69e783b76109c = {\"version\":\"3.2.18\",\"id\":377,\"class\":\"id377\",\"roboGalleryDelay\":1000,\"mainContainer\":\"#robo_gallery_main_block_rbs_gallery_69e783b76109c\",\"loadingContainer\":\"#rbs_gallery_69e783b76109c-block-loader\",\"loadingContainerObj\":\"rbs_gallery_69e783b76109c-block-loader\",\"loop\":true,\"centeredSlides\":true,\"autoplay\":{\"delay\":3000,\"disableOnInteraction\":false},\"preloadImages\":true,\"updateOnImagesReady\":true,\"effect\":\"slide\",\"direction\":\"horizontal\",\"navigation\":{\"nextEl\":\".swiper-button-next\",\"prevEl\":\".swiper-button-prev\"},\"scrollbar\":{\"el\":\".swiper-scrollbar\",\"draggable\":true},\"pagination\":{\"el\":\".swiper-pagination\",\"type\":\"bullets\",\"clickable\":true,\"dynamicBullets\":true},\"wrapContainer\":\"#robo-gallery-wrap-rbs_gallery_69e783b76109c\"};<\/script>\n\n\n\n<p>R\u00e9sumons&nbsp;: un site de qualit\u00e9 professionnelle bien \u00e9tudi\u00e9 dans un cahier des charges et des tests de conformit\u00e9 \u00e0 des prix accessibles. Autant de raisons qui devraient vous d\u00e9cider \u00e0 nous contacter tout de suite .<\/p>\n","protected":false},"excerpt":{"rendered":"<p>Un site web est la vitrine de votre business. Des \u00e9tudes montrent qu\u2019un client trouve une entreprise cr\u00e9dible si son site web est bien r\u00e9alis\u00e9. Alors si votre site fait vendre pourquoi en confier la r\u00e9alisation \u00e0 des amateurs&nbsp;? Au sein de notre agence, nous avons une approche professionnelle du d\u00e9but \u00e0 la fin de [&hellip;]<\/p>\n","protected":false},"author":1,"featured_media":0,"parent":0,"menu_order":0,"comment_status":"closed","ping_status":"closed","template":"","meta":{"footnotes":""},"_links":{"self":[{"href":"https:\/\/webcom.sn\/index.php\/wp-json\/wp\/v2\/pages\/191"}],"collection":[{"href":"https:\/\/webcom.sn\/index.php\/wp-json\/wp\/v2\/pages"}],"about":[{"href":"https:\/\/webcom.sn\/index.php\/wp-json\/wp\/v2\/types\/page"}],"author":[{"embeddable":true,"href":"https:\/\/webcom.sn\/index.php\/wp-json\/wp\/v2\/users\/1"}],"replies":[{"embeddable":true,"href":"https:\/\/webcom.sn\/index.php\/wp-json\/wp\/v2\/comments?post=191"}],"version-history":[{"count":18,"href":"https:\/\/webcom.sn\/index.php\/wp-json\/wp\/v2\/pages\/191\/revisions"}],"predecessor-version":[{"id":378,"href":"https:\/\/webcom.sn\/index.php\/wp-json\/wp\/v2\/pages\/191\/revisions\/378"}],"wp:attachment":[{"href":"https:\/\/webcom.sn\/index.php\/wp-json\/wp\/v2\/media?parent=191"}],"curies":[{"name":"wp","href":"https:\/\/api.w.org\/{rel}","templated":true}]}}