{"id":154,"date":"2024-02-29T18:20:31","date_gmt":"2024-02-29T17:20:31","guid":{"rendered":"https:\/\/webcom.sn\/?page_id=154"},"modified":"2024-05-30T15:44:32","modified_gmt":"2024-05-30T13:44:32","slug":"espaces-coworking","status":"publish","type":"page","link":"https:\/\/webcom.sn\/index.php\/espaces-coworking\/","title":{"rendered":"Espaces COWORKING"},"content":{"rendered":"<div id=\"metaslider-id-434\" style=\"width: 100%;\" class=\"ml-slider-3-62-0 metaslider metaslider-flex metaslider-434 ml-slider ms-theme-default nav-hidden\" role=\"region\" aria-roledescription=\"Slideshow\" aria-label=\"Nouveau diaporama\">\n    <div id=\"metaslider_container_434\">\n        <div id=\"metaslider_434\">\n            <ul aria-live=\"polite\" class=\"slides\">\n                <li style=\"display: block; width: 100%;\" class=\"slide-435 ms-image \" aria-roledescription=\"slide\" aria-label=\"slide-435\"><img loading=\"lazy\" decoding=\"async\" src=\"https:\/\/webcom.sn\/wp-content\/uploads\/2024\/04\/Bureau2-1-506x216.jpg\" height=\"300\" width=\"700\" alt=\"\" class=\"slider-434 slide-435\" title=\"Bureau2-1\" \/><\/li>\n                <li style=\"display: none; width: 100%;\" class=\"slide-436 ms-image \" aria-roledescription=\"slide\" aria-label=\"slide-436\"><img loading=\"lazy\" decoding=\"async\" src=\"https:\/\/webcom.sn\/wp-content\/uploads\/2024\/04\/Bureau2-1-506x216.jpg\" height=\"300\" width=\"700\" alt=\"\" class=\"slider-434 slide-436\" title=\"Bureau2-1\" \/><\/li>\n            <\/ul>\n        <\/div>\n        \n    <\/div>\n<\/div>\n\n\n\n<p> L\u2019agence&nbsp;<strong>Webcom <\/strong>propose un espace de coworking pour les travailleurs ind\u00e9pendants et les PME qui ont parfois des difficult\u00e9s \u00e0 trouver un local commercial convivial, int\u00e9grant les outils fonctionnels tels que<strong> le  WIFI- l&rsquo;Impression couleur &#8211; la restauration<\/strong>.<\/p>\n\n\n\n<figure class=\"wp-block-table\"><table><tbody><tr><td class=\"has-text-align-center\" data-align=\"center\">&nbsp;<strong><mark style=\"background-color:rgba(0, 0, 0, 0)\" class=\"has-inline-color has-vivid-red-color\">HORAIRES<\/mark><\/strong><\/td><\/tr><\/tbody><\/table><\/figure>\n\n\n\n<p>Les heures d\u2019ouverture r\u00e9guli\u00e8res&nbsp;:<\/p>\n\n\n\n<p>De 08H00 \u00e0 18H00 \/ Du lundi au Dimanche&nbsp;<\/p>\n\n\n\n<figure class=\"wp-block-table\"><table><tbody><tr><td class=\"has-text-align-center\" data-align=\"center\"><strong><mark style=\"background-color:rgba(0, 0, 0, 0)\" class=\"has-inline-color has-vivid-red-color\">TARIFS<\/mark>&nbsp;<\/strong><\/td><\/tr><\/tbody><\/table><\/figure>\n\n\n\n<ul>\n<li>Jour&nbsp;: (08H\/17H)&nbsp;&nbsp;&nbsp;&nbsp;&nbsp;&nbsp;&nbsp;&nbsp;&nbsp;&nbsp;&nbsp; &nbsp;    : 5000 FCFA&nbsp;&nbsp;&nbsp;&nbsp;&nbsp;<\/li>\n\n\n\n<li>10 jours&nbsp;&nbsp; &nbsp;&nbsp;&nbsp;&nbsp;&nbsp;&nbsp;&nbsp;&nbsp;&nbsp;&nbsp;&nbsp;&nbsp;&nbsp;&nbsp;&nbsp;&nbsp;&nbsp;&nbsp;&nbsp;       &nbsp;: 45000FCFA<\/li>\n\n\n\n<li>Mois\u00a0 \u00a0\u00a0\u00a0\u00a0\u00a0\u00a0\u00a0\u00a0\u00a0\u00a0\u00a0\u00a0\u00a0\u00a0\u00a0\u00a0\u00a0\u00a0\u00a0\u00a0\u00a0\u00a0\u00a0\u00a0\u00a0     : 125\u00a0000 FCFA<\/li>\n\n\n\n<li><mark style=\"background-color:rgba(0, 0, 0, 0)\" class=\"has-inline-color has-vivid-red-color\">Pause caf\u00e9 matin Offert<\/mark><\/li>\n<\/ul>\n\n\n<div class=\"wp-block-image\">\n<figure class=\"aligncenter size-full is-resized\"><img loading=\"lazy\" decoding=\"async\" width=\"198\" height=\"186\" src=\"http:\/\/webcom.sn\/wp-content\/uploads\/2024\/05\/petitdejcoworking.jpg\" alt=\"\" class=\"wp-image-569\" style=\"width:119px;height:auto\"\/><\/figure><\/div>\n\n\n<p><\/p>\n\n\n\n<figure class=\"wp-block-table\"><table><tbody><tr><td class=\"has-text-align-center\" data-align=\"center\"><mark style=\"background-color:rgba(0, 0, 0, 0)\" class=\"has-inline-color has-vivid-red-color\"><strong>Services suppl\u00e9mentaires<\/strong><\/mark><\/td><\/tr><\/tbody><\/table><\/figure>\n\n\n\n<ul>\n<li>Location Salles  (R\u00e9unions-Ateliers-S\u00e9minaires-Formations) \u00e0 partir de <strong>50.000F<\/strong>\/Jour<\/li>\n\n\n\n<li> Location vid\u00e9oprojecteur&nbsp;: 25.000F\/Jour<\/li>\n\n\n\n<li> Sonorisation&nbsp;: 25.000F\/Jour<\/li>\n\n\n\n<li>Domiciliation de secr\u00e9tariat<\/li>\n\n\n\n<li>Impression couleur <\/li>\n<\/ul>\n\n\n\n<p><\/p>\n\n\n\n<figure class=\"wp-block-table\"><table><tbody><tr><td class=\"has-text-align-center\" data-align=\"center\"><strong><mark style=\"background-color:rgba(0, 0, 0, 0)\" class=\"has-inline-color has-vivid-red-color\">CONTACT<\/mark><\/strong><\/td><\/tr><\/tbody><\/table><\/figure>\n\n\n<p>Nous \u00e9crire par mail <a href=\"mailto:infos@webcom.sn\">ici<\/a><\/p>\n\n\n<p>Remplir le formulaire de contact <a href=\"https:\/\/webcom.sn\/index.php\/contact\/\">ici<\/a><\/p>\n","protected":false},"excerpt":{"rendered":"<p>L\u2019agence&nbsp;Webcom propose un espace de coworking pour les travailleurs ind\u00e9pendants et les PME qui ont parfois des difficult\u00e9s \u00e0 trouver un local commercial convivial, int\u00e9grant les outils fonctionnels tels que le WIFI- l&rsquo;Impression couleur &#8211; la restauration. &nbsp;HORAIRES Les heures d\u2019ouverture r\u00e9guli\u00e8res&nbsp;: De 08H00 \u00e0 18H00 \/ Du lundi au Dimanche&nbsp; TARIFS&nbsp; Services suppl\u00e9mentaires CONTACT<\/p>\n","protected":false},"author":1,"featured_media":0,"parent":0,"menu_order":0,"comment_status":"closed","ping_status":"closed","template":"","meta":{"footnotes":""},"_links":{"self":[{"href":"https:\/\/webcom.sn\/index.php\/wp-json\/wp\/v2\/pages\/154"}],"collection":[{"href":"https:\/\/webcom.sn\/index.php\/wp-json\/wp\/v2\/pages"}],"about":[{"href":"https:\/\/webcom.sn\/index.php\/wp-json\/wp\/v2\/types\/page"}],"author":[{"embeddable":true,"href":"https:\/\/webcom.sn\/index.php\/wp-json\/wp\/v2\/users\/1"}],"replies":[{"embeddable":true,"href":"https:\/\/webcom.sn\/index.php\/wp-json\/wp\/v2\/comments?post=154"}],"version-history":[{"count":51,"href":"https:\/\/webcom.sn\/index.php\/wp-json\/wp\/v2\/pages\/154\/revisions"}],"predecessor-version":[{"id":580,"href":"https:\/\/webcom.sn\/index.php\/wp-json\/wp\/v2\/pages\/154\/revisions\/580"}],"wp:attachment":[{"href":"https:\/\/webcom.sn\/index.php\/wp-json\/wp\/v2\/media?parent=154"}],"curies":[{"name":"wp","href":"https:\/\/api.w.org\/{rel}","templated":true}]}}